{"id":1789,"date":"2022-10-30T10:10:03","date_gmt":"2022-10-30T09:10:03","guid":{"rendered":"https:\/\/etreetvitalite.com\/?page_id=1789"},"modified":"2022-10-30T10:14:56","modified_gmt":"2022-10-30T09:14:56","slug":"a-propos","status":"publish","type":"page","link":"https:\/\/etreetvitalite.com\/index.php\/a-propos\/","title":{"rendered":"A Propos"},"content":{"rendered":"\t\t<div data-elementor-type=\"wp-page\" data-elementor-id=\"1789\" class=\"elementor elementor-1789\">\n\t\t\t\t\t\t\t\t\t<section class=\"elementor-section elementor-top-section elementor-element elementor-element-bfbc9b7 elementor-section-boxed elementor-section-height-default elementor-section-height-default\" data-id=\"bfbc9b7\" data-element_type=\"section\">\n\t\t\t\t\t\t<div class=\"elementor-container elementor-column-gap-default\">\n\t\t\t\t\t<div class=\"elementor-column elementor-col-50 elementor-top-column elementor-element elementor-element-600b27c\" data-id=\"600b27c\" data-element_type=\"column\">\n\t\t\t<div class=\"elementor-widget-wrap elementor-element-populated\">\n\t\t\t\t\t\t\t\t<div class=\"elementor-element elementor-element-0ff0b00 elementor-widget elementor-widget-image\" data-id=\"0ff0b00\" data-element_type=\"widget\" data-widget_type=\"image.default\">\n\t\t\t\t<div class=\"elementor-widget-container\">\n\t\t\t<style>\/*! elementor - v3.16.0 - 17-10-2023 *\/\n.elementor-widget-image{text-align:center}.elementor-widget-image a{display:inline-block}.elementor-widget-image a img[src$=\".svg\"]{width:48px}.elementor-widget-image img{vertical-align:middle;display:inline-block}<\/style>\t\t\t\t\t\t\t\t\t\t\t\t<img loading=\"lazy\" decoding=\"async\" width=\"1024\" height=\"768\" src=\"https:\/\/etreetvitalite.com\/wp-content\/uploads\/2021\/11\/IMG_0079-1024x768.jpg\" class=\"attachment-large size-large wp-image-11\" alt=\"\" srcset=\"https:\/\/etreetvitalite.com\/wp-content\/uploads\/2021\/11\/IMG_0079-1024x768.jpg 1024w, https:\/\/etreetvitalite.com\/wp-content\/uploads\/2021\/11\/IMG_0079-scaled-600x450.jpg 600w, https:\/\/etreetvitalite.com\/wp-content\/uploads\/2021\/11\/IMG_0079-300x225.jpg 300w, https:\/\/etreetvitalite.com\/wp-content\/uploads\/2021\/11\/IMG_0079-768x576.jpg 768w, https:\/\/etreetvitalite.com\/wp-content\/uploads\/2021\/11\/IMG_0079-1536x1152.jpg 1536w, https:\/\/etreetvitalite.com\/wp-content\/uploads\/2021\/11\/IMG_0079-2048x1536.jpg 2048w\" sizes=\"(max-width: 1024px) 100vw, 1024px\" \/>\t\t\t\t\t\t\t\t\t\t\t\t\t\t\t<\/div>\n\t\t\t\t<\/div>\n\t\t\t\t\t<\/div>\n\t\t<\/div>\n\t\t\t\t<div class=\"elementor-column elementor-col-50 elementor-top-column elementor-element elementor-element-5cdec82\" data-id=\"5cdec82\" data-element_type=\"column\">\n\t\t\t<div class=\"elementor-widget-wrap elementor-element-populated\">\n\t\t\t\t\t\t\t\t<div class=\"elementor-element elementor-element-1d7d1d1 elementor-widget elementor-widget-text-editor\" data-id=\"1d7d1d1\" data-element_type=\"widget\" data-widget_type=\"text-editor.default\">\n\t\t\t\t<div class=\"elementor-widget-container\">\n\t\t\t<style>\/*! elementor - v3.16.0 - 17-10-2023 *\/\n.elementor-widget-text-editor.elementor-drop-cap-view-stacked .elementor-drop-cap{background-color:#69727d;color:#fff}.elementor-widget-text-editor.elementor-drop-cap-view-framed .elementor-drop-cap{color:#69727d;border:3px solid;background-color:transparent}.elementor-widget-text-editor:not(.elementor-drop-cap-view-default) .elementor-drop-cap{margin-top:8px}.elementor-widget-text-editor:not(.elementor-drop-cap-view-default) .elementor-drop-cap-letter{width:1em;height:1em}.elementor-widget-text-editor .elementor-drop-cap{float:left;text-align:center;line-height:1;font-size:50px}.elementor-widget-text-editor .elementor-drop-cap-letter{display:inline-block}<\/style>\t\t\t\t<p><em><strong><span style=\"text-indent: 0em;\">Brigitte Schwemmer<\/span><\/strong><\/em><\/p><p>\u00a0sp\u00e9cialis\u00e9e dans le coaching d\u00e9veloppement personnel, remise en forme.<\/p><p>Apr\u00e8s 20 ans dans l\u2019entreprise en tant que dirigeant, plus de 15 ans dans la th\u00e9rapie douce et remise en forme, mes formations diverses et ma passion pour l\u2019humain m\u2019ont conduite \u00e0 mettre tous ses ateliers en place qui permettent \u00e0 chaque personne de se retrouver et vivre en \u00e9quilibre.<\/p><p>Formations :\u00a0<\/p><p>sophrologie, management, Reconnexion du Dr Eric Pearl, chamanisme, E.F.T., massage californien et du monde\u00a0<\/p><p>et beaucoup d\u2019autres formations et \u00e9tudes dans toutes les sagesses de l\u2019antiquit\u00e9 \u00e0 nos jours,\u00a0<\/p><p>\u00a0<\/p>\t\t\t\t\t\t<\/div>\n\t\t\t\t<\/div>\n\t\t\t\t\t<\/div>\n\t\t<\/div>\n\t\t\t\t\t\t\t<\/div>\n\t\t<\/section>\n\t\t\t\t<section class=\"elementor-section elementor-top-section elementor-element elementor-element-9541a06 elementor-section-boxed elementor-section-height-default elementor-section-height-default\" data-id=\"9541a06\" data-element_type=\"section\">\n\t\t\t\t\t\t<div class=\"elementor-container elementor-column-gap-default\">\n\t\t\t\t\t<div class=\"elementor-column elementor-col-33 elementor-top-column elementor-element elementor-element-c9b3a88\" data-id=\"c9b3a88\" data-element_type=\"column\">\n\t\t\t<div class=\"elementor-widget-wrap elementor-element-populated\">\n\t\t\t\t\t\t\t\t<div class=\"elementor-element elementor-element-7339b87 elementor-widget elementor-widget-button\" data-id=\"7339b87\" data-element_type=\"widget\" data-widget_type=\"button.default\">\n\t\t\t\t<div class=\"elementor-widget-container\">\n\t\t\t\t\t<div class=\"elementor-button-wrapper\">\n\t\t\t<a class=\"elementor-button elementor-button-link elementor-size-sm\" href=\"https:\/\/etreetvitalite.com\/index.php\/contact\/\">\n\t\t\t\t\t\t<span class=\"elementor-button-content-wrapper\">\n\t\t\t\t\t\t<span class=\"elementor-button-text\">Contact<\/span>\n\t\t<\/span>\n\t\t\t\t\t<\/a>\n\t\t<\/div>\n\t\t\t\t<\/div>\n\t\t\t\t<\/div>\n\t\t\t\t\t<\/div>\n\t\t<\/div>\n\t\t\t\t<div class=\"elementor-column elementor-col-33 elementor-top-column elementor-element elementor-element-836cf8e\" data-id=\"836cf8e\" data-element_type=\"column\">\n\t\t\t<div class=\"elementor-widget-wrap\">\n\t\t\t\t\t\t\t\t\t<\/div>\n\t\t<\/div>\n\t\t\t\t<div class=\"elementor-column elementor-col-33 elementor-top-column elementor-element elementor-element-081405c\" data-id=\"081405c\" data-element_type=\"column\">\n\t\t\t<div class=\"elementor-widget-wrap\">\n\t\t\t\t\t\t\t\t\t<\/div>\n\t\t<\/div>\n\t\t\t\t\t\t\t<\/div>\n\t\t<\/section>\n\t\t\t\t\t\t\t<\/div>\n\t\t","protected":false},"excerpt":{"rendered":"<p>Brigitte Schwemmer \u00a0sp\u00e9cialis\u00e9e dans le coaching d\u00e9veloppement personnel, remise en forme. Apr\u00e8s 20 ans dans l\u2019entreprise en tant que dirigeant, plus de 15 ans dans &hellip;<\/p>\n","protected":false},"author":2,"featured_media":0,"parent":0,"menu_order":0,"comment_status":"closed","ping_status":"closed","template":"","meta":{"footnotes":""},"yoast_head":"<!-- This site is optimized with the Yoast SEO plugin v24.5 - https:\/\/yoast.com\/wordpress\/plugins\/seo\/ -->\n<title>A Propos - &nbsp;&nbsp;&nbsp;&nbsp;ETRE &amp; VITALITE<\/title>\n<meta name=\"robots\" content=\"index, follow, max-snippet:-1, max-image-preview:large, max-video-preview:-1\" \/>\n<link rel=\"canonical\" href=\"https:\/\/etreetvitalite.com\/index.php\/a-propos\/\" \/>\n<meta property=\"og:locale\" content=\"fr_FR\" \/>\n<meta property=\"og:type\" content=\"article\" \/>\n<meta property=\"og:title\" content=\"A Propos - &nbsp;&nbsp;&nbsp;&nbsp;ETRE &amp; VITALITE\" \/>\n<meta property=\"og:description\" content=\"Brigitte Schwemmer \u00a0sp\u00e9cialis\u00e9e dans le coaching d\u00e9veloppement personnel, remise en forme. Apr\u00e8s 20 ans dans l\u2019entreprise en tant que dirigeant, plus de 15 ans dans &hellip;\" \/>\n<meta property=\"og:url\" content=\"https:\/\/etreetvitalite.com\/index.php\/a-propos\/\" \/>\n<meta property=\"og:site_name\" content=\"&nbsp;&nbsp;&nbsp;&nbsp;ETRE &amp; VITALITE\" \/>\n<meta property=\"article:modified_time\" content=\"2022-10-30T09:14:56+00:00\" \/>\n<meta property=\"og:image\" content=\"http:\/\/etreetvitalite.com\/wp-content\/uploads\/2021\/11\/IMG_0079-1024x768.jpg\" \/>\n<meta name=\"twitter:card\" content=\"summary_large_image\" \/>\n<meta name=\"twitter:label1\" content=\"Dur\u00e9e de lecture estim\u00e9e\" \/>\n\t<meta name=\"twitter:data1\" content=\"1 minute\" \/>\n<script type=\"application\/ld+json\" class=\"yoast-schema-graph\">{\"@context\":\"https:\/\/schema.org\",\"@graph\":[{\"@type\":\"WebPage\",\"@id\":\"https:\/\/etreetvitalite.com\/index.php\/a-propos\/\",\"url\":\"https:\/\/etreetvitalite.com\/index.php\/a-propos\/\",\"name\":\"A Propos - &nbsp;&nbsp;&nbsp;&nbsp;ETRE &amp; VITALITE\",\"isPartOf\":{\"@id\":\"http:\/\/etreetvitalite.com\/#website\"},\"primaryImageOfPage\":{\"@id\":\"https:\/\/etreetvitalite.com\/index.php\/a-propos\/#primaryimage\"},\"image\":{\"@id\":\"https:\/\/etreetvitalite.com\/index.php\/a-propos\/#primaryimage\"},\"thumbnailUrl\":\"http:\/\/etreetvitalite.com\/wp-content\/uploads\/2021\/11\/IMG_0079-1024x768.jpg\",\"datePublished\":\"2022-10-30T09:10:03+00:00\",\"dateModified\":\"2022-10-30T09:14:56+00:00\",\"breadcrumb\":{\"@id\":\"https:\/\/etreetvitalite.com\/index.php\/a-propos\/#breadcrumb\"},\"inLanguage\":\"fr-FR\",\"potentialAction\":[{\"@type\":\"ReadAction\",\"target\":[\"https:\/\/etreetvitalite.com\/index.php\/a-propos\/\"]}]},{\"@type\":\"ImageObject\",\"inLanguage\":\"fr-FR\",\"@id\":\"https:\/\/etreetvitalite.com\/index.php\/a-propos\/#primaryimage\",\"url\":\"http:\/\/etreetvitalite.com\/wp-content\/uploads\/2021\/11\/IMG_0079-1024x768.jpg\",\"contentUrl\":\"http:\/\/etreetvitalite.com\/wp-content\/uploads\/2021\/11\/IMG_0079-1024x768.jpg\"},{\"@type\":\"BreadcrumbList\",\"@id\":\"https:\/\/etreetvitalite.com\/index.php\/a-propos\/#breadcrumb\",\"itemListElement\":[{\"@type\":\"ListItem\",\"position\":1,\"name\":\"Accueil\",\"item\":\"http:\/\/etreetvitalite.com\/\"},{\"@type\":\"ListItem\",\"position\":2,\"name\":\"A Propos\"}]},{\"@type\":\"WebSite\",\"@id\":\"http:\/\/etreetvitalite.com\/#website\",\"url\":\"http:\/\/etreetvitalite.com\/\",\"name\":\"&nbsp;&nbsp;&nbsp;&nbsp;ETRE &amp; VITALITE\",\"description\":\"PARTICULIERS - ENTREPRISES\",\"publisher\":{\"@id\":\"http:\/\/etreetvitalite.com\/#organization\"},\"potentialAction\":[{\"@type\":\"SearchAction\",\"target\":{\"@type\":\"EntryPoint\",\"urlTemplate\":\"http:\/\/etreetvitalite.com\/?s={search_term_string}\"},\"query-input\":{\"@type\":\"PropertyValueSpecification\",\"valueRequired\":true,\"valueName\":\"search_term_string\"}}],\"inLanguage\":\"fr-FR\"},{\"@type\":\"Organization\",\"@id\":\"http:\/\/etreetvitalite.com\/#organization\",\"name\":\"&nbsp;&nbsp;&nbsp;&nbsp;ETRE &amp; VITALITE\",\"url\":\"http:\/\/etreetvitalite.com\/\",\"logo\":{\"@type\":\"ImageObject\",\"inLanguage\":\"fr-FR\",\"@id\":\"http:\/\/etreetvitalite.com\/#\/schema\/logo\/image\/\",\"url\":\"https:\/\/etreetvitalite.com\/wp-content\/uploads\/2022\/07\/cropped-logo.png\",\"contentUrl\":\"https:\/\/etreetvitalite.com\/wp-content\/uploads\/2022\/07\/cropped-logo.png\",\"width\":381,\"height\":348,\"caption\":\"&nbsp;&nbsp;&nbsp;&nbsp;ETRE &amp; VITALITE\"},\"image\":{\"@id\":\"http:\/\/etreetvitalite.com\/#\/schema\/logo\/image\/\"}}]}<\/script>\n<!-- \/ Yoast SEO plugin. -->","yoast_head_json":{"title":"A Propos - &nbsp;&nbsp;&nbsp;&nbsp;ETRE &amp; VITALITE","robots":{"index":"index","follow":"follow","max-snippet":"max-snippet:-1","max-image-preview":"max-image-preview:large","max-video-preview":"max-video-preview:-1"},"canonical":"https:\/\/etreetvitalite.com\/index.php\/a-propos\/","og_locale":"fr_FR","og_type":"article","og_title":"A Propos - &nbsp;&nbsp;&nbsp;&nbsp;ETRE &amp; VITALITE","og_description":"Brigitte Schwemmer \u00a0sp\u00e9cialis\u00e9e dans le coaching d\u00e9veloppement personnel, remise en forme. Apr\u00e8s 20 ans dans l\u2019entreprise en tant que dirigeant, plus de 15 ans dans &hellip;","og_url":"https:\/\/etreetvitalite.com\/index.php\/a-propos\/","og_site_name":"&nbsp;&nbsp;&nbsp;&nbsp;ETRE &amp; VITALITE","article_modified_time":"2022-10-30T09:14:56+00:00","og_image":[{"url":"http:\/\/etreetvitalite.com\/wp-content\/uploads\/2021\/11\/IMG_0079-1024x768.jpg","type":"","width":"","height":""}],"twitter_card":"summary_large_image","twitter_misc":{"Dur\u00e9e de lecture estim\u00e9e":"1 minute"},"schema":{"@context":"https:\/\/schema.org","@graph":[{"@type":"WebPage","@id":"https:\/\/etreetvitalite.com\/index.php\/a-propos\/","url":"https:\/\/etreetvitalite.com\/index.php\/a-propos\/","name":"A Propos - &nbsp;&nbsp;&nbsp;&nbsp;ETRE &amp; VITALITE","isPartOf":{"@id":"http:\/\/etreetvitalite.com\/#website"},"primaryImageOfPage":{"@id":"https:\/\/etreetvitalite.com\/index.php\/a-propos\/#primaryimage"},"image":{"@id":"https:\/\/etreetvitalite.com\/index.php\/a-propos\/#primaryimage"},"thumbnailUrl":"http:\/\/etreetvitalite.com\/wp-content\/uploads\/2021\/11\/IMG_0079-1024x768.jpg","datePublished":"2022-10-30T09:10:03+00:00","dateModified":"2022-10-30T09:14:56+00:00","breadcrumb":{"@id":"https:\/\/etreetvitalite.com\/index.php\/a-propos\/#breadcrumb"},"inLanguage":"fr-FR","potentialAction":[{"@type":"ReadAction","target":["https:\/\/etreetvitalite.com\/index.php\/a-propos\/"]}]},{"@type":"ImageObject","inLanguage":"fr-FR","@id":"https:\/\/etreetvitalite.com\/index.php\/a-propos\/#primaryimage","url":"http:\/\/etreetvitalite.com\/wp-content\/uploads\/2021\/11\/IMG_0079-1024x768.jpg","contentUrl":"http:\/\/etreetvitalite.com\/wp-content\/uploads\/2021\/11\/IMG_0079-1024x768.jpg"},{"@type":"BreadcrumbList","@id":"https:\/\/etreetvitalite.com\/index.php\/a-propos\/#breadcrumb","itemListElement":[{"@type":"ListItem","position":1,"name":"Accueil","item":"http:\/\/etreetvitalite.com\/"},{"@type":"ListItem","position":2,"name":"A Propos"}]},{"@type":"WebSite","@id":"http:\/\/etreetvitalite.com\/#website","url":"http:\/\/etreetvitalite.com\/","name":"&nbsp;&nbsp;&nbsp;&nbsp;ETRE &amp; VITALITE","description":"PARTICULIERS - ENTREPRISES","publisher":{"@id":"http:\/\/etreetvitalite.com\/#organization"},"potentialAction":[{"@type":"SearchAction","target":{"@type":"EntryPoint","urlTemplate":"http:\/\/etreetvitalite.com\/?s={search_term_string}"},"query-input":{"@type":"PropertyValueSpecification","valueRequired":true,"valueName":"search_term_string"}}],"inLanguage":"fr-FR"},{"@type":"Organization","@id":"http:\/\/etreetvitalite.com\/#organization","name":"&nbsp;&nbsp;&nbsp;&nbsp;ETRE &amp; VITALITE","url":"http:\/\/etreetvitalite.com\/","logo":{"@type":"ImageObject","inLanguage":"fr-FR","@id":"http:\/\/etreetvitalite.com\/#\/schema\/logo\/image\/","url":"https:\/\/etreetvitalite.com\/wp-content\/uploads\/2022\/07\/cropped-logo.png","contentUrl":"https:\/\/etreetvitalite.com\/wp-content\/uploads\/2022\/07\/cropped-logo.png","width":381,"height":348,"caption":"&nbsp;&nbsp;&nbsp;&nbsp;ETRE &amp; VITALITE"},"image":{"@id":"http:\/\/etreetvitalite.com\/#\/schema\/logo\/image\/"}}]}},"_links":{"self":[{"href":"https:\/\/etreetvitalite.com\/index.php\/wp-json\/wp\/v2\/pages\/1789"}],"collection":[{"href":"https:\/\/etreetvitalite.com\/index.php\/wp-json\/wp\/v2\/pages"}],"about":[{"href":"https:\/\/etreetvitalite.com\/index.php\/wp-json\/wp\/v2\/types\/page"}],"author":[{"embeddable":true,"href":"https:\/\/etreetvitalite.com\/index.php\/wp-json\/wp\/v2\/users\/2"}],"replies":[{"embeddable":true,"href":"https:\/\/etreetvitalite.com\/index.php\/wp-json\/wp\/v2\/comments?post=1789"}],"version-history":[{"count":7,"href":"https:\/\/etreetvitalite.com\/index.php\/wp-json\/wp\/v2\/pages\/1789\/revisions"}],"predecessor-version":[{"id":1796,"href":"https:\/\/etreetvitalite.com\/index.php\/wp-json\/wp\/v2\/pages\/1789\/revisions\/1796"}],"wp:attachment":[{"href":"https:\/\/etreetvitalite.com\/index.php\/wp-json\/wp\/v2\/media?parent=1789"}],"curies":[{"name":"wp","href":"https:\/\/api.w.org\/{rel}","templated":true}]}}