{"id":423,"date":"2022-02-10T16:54:26","date_gmt":"2022-02-10T15:54:26","guid":{"rendered":"https:\/\/etreetvitalite.com\/?page_id=423"},"modified":"2022-10-30T10:08:30","modified_gmt":"2022-10-30T09:08:30","slug":"atelier-perspective-de-vie","status":"publish","type":"page","link":"https:\/\/etreetvitalite.com\/index.php\/atelier-perspective-de-vie\/","title":{"rendered":"Perspective de Vie"},"content":{"rendered":"\t\t<div data-elementor-type=\"wp-page\" data-elementor-id=\"423\" class=\"elementor elementor-423\">\n\t\t\t\t\t\t\t\t\t<section class=\"elementor-section elementor-top-section elementor-element elementor-element-17b3384 elementor-section-boxed elementor-section-height-default elementor-section-height-default\" data-id=\"17b3384\" data-element_type=\"section\">\n\t\t\t\t\t\t<div class=\"elementor-container elementor-column-gap-default\">\n\t\t\t\t\t<div class=\"elementor-column elementor-col-50 elementor-top-column elementor-element elementor-element-4408183\" data-id=\"4408183\" data-element_type=\"column\">\n\t\t\t<div class=\"elementor-widget-wrap elementor-element-populated\">\n\t\t\t\t\t\t\t\t<div class=\"elementor-element elementor-element-0e75169 elementor-widget elementor-widget-image\" data-id=\"0e75169\" data-element_type=\"widget\" data-widget_type=\"image.default\">\n\t\t\t\t<div class=\"elementor-widget-container\">\n\t\t\t<style>\/*! elementor - v3.16.0 - 17-10-2023 *\/\n.elementor-widget-image{text-align:center}.elementor-widget-image a{display:inline-block}.elementor-widget-image a img[src$=\".svg\"]{width:48px}.elementor-widget-image img{vertical-align:middle;display:inline-block}<\/style>\t\t\t\t\t\t\t\t\t\t\t\t<img loading=\"lazy\" decoding=\"async\" width=\"830\" height=\"554\" src=\"https:\/\/etreetvitalite.com\/wp-content\/uploads\/2022\/10\/perspective-de-vie.jpg\" class=\"attachment-large size-large wp-image-907\" alt=\"\" srcset=\"https:\/\/etreetvitalite.com\/wp-content\/uploads\/2022\/10\/perspective-de-vie.jpg 830w, https:\/\/etreetvitalite.com\/wp-content\/uploads\/2022\/10\/perspective-de-vie-300x200.jpg 300w, https:\/\/etreetvitalite.com\/wp-content\/uploads\/2022\/10\/perspective-de-vie-768x513.jpg 768w, https:\/\/etreetvitalite.com\/wp-content\/uploads\/2022\/10\/perspective-de-vie-449x300.jpg 449w, https:\/\/etreetvitalite.com\/wp-content\/uploads\/2022\/10\/perspective-de-vie-600x400.jpg 600w\" sizes=\"(max-width: 830px) 100vw, 830px\" \/>\t\t\t\t\t\t\t\t\t\t\t\t\t\t\t<\/div>\n\t\t\t\t<\/div>\n\t\t\t\t\t<\/div>\n\t\t<\/div>\n\t\t\t\t<div class=\"elementor-column elementor-col-50 elementor-top-column elementor-element elementor-element-2361682\" data-id=\"2361682\" data-element_type=\"column\">\n\t\t\t<div class=\"elementor-widget-wrap elementor-element-populated\">\n\t\t\t\t\t\t\t\t<div class=\"elementor-element elementor-element-1309e11 elementor-widget__width-auto elementor-widget elementor-widget-text-editor\" data-id=\"1309e11\" data-element_type=\"widget\" data-widget_type=\"text-editor.default\">\n\t\t\t\t<div class=\"elementor-widget-container\">\n\t\t\t<style>\/*! elementor - v3.16.0 - 17-10-2023 *\/\n.elementor-widget-text-editor.elementor-drop-cap-view-stacked .elementor-drop-cap{background-color:#69727d;color:#fff}.elementor-widget-text-editor.elementor-drop-cap-view-framed .elementor-drop-cap{color:#69727d;border:3px solid;background-color:transparent}.elementor-widget-text-editor:not(.elementor-drop-cap-view-default) .elementor-drop-cap{margin-top:8px}.elementor-widget-text-editor:not(.elementor-drop-cap-view-default) .elementor-drop-cap-letter{width:1em;height:1em}.elementor-widget-text-editor .elementor-drop-cap{float:left;text-align:center;line-height:1;font-size:50px}.elementor-widget-text-editor .elementor-drop-cap-letter{display:inline-block}<\/style>\t\t\t\t<p>D\u00e9couvrir l\u2019enseignement de la connaissance,\u00a0 la pratique et\u00a0 la gestion de vos \u00e9motions, \u00e0 travers un accompagnement p\u00e9dagogique en douceur pour surmonter tous vos d\u00e9fis et \u00eatre en paix.<\/p><p>Au cours de cet atelier vous pourrez d\u00e9couvrir les outils pour avoir un nouveau regard sur vous, sur l\u2019autre et la vie, \u00ab\u00a0Quand nous changeons int\u00e9rieurement, notre environnement change\u00a0\u00bb.<\/p>\t\t\t\t\t\t<\/div>\n\t\t\t\t<\/div>\n\t\t\t\t\t<\/div>\n\t\t<\/div>\n\t\t\t\t\t\t\t<\/div>\n\t\t<\/section>\n\t\t\t\t<section class=\"elementor-section elementor-top-section elementor-element elementor-element-656722e elementor-section-boxed elementor-section-height-default elementor-section-height-default\" data-id=\"656722e\" data-element_type=\"section\">\n\t\t\t\t\t\t<div class=\"elementor-container elementor-column-gap-default\">\n\t\t\t\t\t<div class=\"elementor-column elementor-col-100 elementor-top-column elementor-element elementor-element-b4603fd\" data-id=\"b4603fd\" data-element_type=\"column\">\n\t\t\t<div class=\"elementor-widget-wrap elementor-element-populated\">\n\t\t\t\t\t\t\t\t<div class=\"elementor-element elementor-element-7621155 elementor-widget elementor-widget-text-editor\" data-id=\"7621155\" data-element_type=\"widget\" data-widget_type=\"text-editor.default\">\n\t\t\t\t<div class=\"elementor-widget-container\">\n\t\t\t\t\t\t\t<p><strong>Tarif<\/strong><\/p><p>Programme complet en individuel 7h, modulable selon vos souhaits de progression, inclus la r\u00e9solution d\u2019un de vos probl\u00e8mes.<\/p><p>Tarif\u00a0individuel: 111\u20ac de l\u2019heure<span style=\"text-indent: 0em; color: var( --e-global-color-text ); text-align: inherit;\">\u00a0<\/span><\/p><p>Tarif entreprise sur demande<\/p><p>\u00a0Programme complet en groupe 14h\u00a07x2h: enseignements, questions\/r\u00e9ponses et r\u00e9solutions.<\/p><p>A partir 4 personnes maximum 10 personnes<\/p><p>Tarif de groupe\u00a0: 90\u20ac les 2h soit 45\u20ac de l\u2019heure<\/p>\t\t\t\t\t\t<\/div>\n\t\t\t\t<\/div>\n\t\t\t\t\t<\/div>\n\t\t<\/div>\n\t\t\t\t\t\t\t<\/div>\n\t\t<\/section>\n\t\t\t\t<section class=\"elementor-section elementor-top-section elementor-element elementor-element-f61c018 elementor-section-boxed elementor-section-height-default elementor-section-height-default\" data-id=\"f61c018\" data-element_type=\"section\">\n\t\t\t\t\t\t<div class=\"elementor-container elementor-column-gap-default\">\n\t\t\t\t\t<div class=\"elementor-column elementor-col-100 elementor-top-column elementor-element elementor-element-5114208\" data-id=\"5114208\" data-element_type=\"column\">\n\t\t\t<div class=\"elementor-widget-wrap elementor-element-populated\">\n\t\t\t\t\t\t\t\t<div class=\"elementor-element elementor-element-b285793 elementor-widget elementor-widget-text-editor\" data-id=\"b285793\" data-element_type=\"widget\" data-widget_type=\"text-editor.default\">\n\t\t\t\t<div class=\"elementor-widget-container\">\n\t\t\t\t\t\t\t<p><strong>T\u00e9moignages Perspective de vie :<\/strong><\/p><p>\u00a0<em>\u00ab\u00a0Gr\u00e2ce au programme Perspective de Vie, j\u2019ai d\u00e9couvert ce qu\u2019\u00e9tait le corps de souffrance et appris comment ne plus en \u00eatre prisonni\u00e8re, comment ne plus le porter comme un fardeau. Comprendre ce qu\u2019est le l\u00e2cher-prise et comment y parvenir est quelque chose de merveilleux, m\u00eame s\u2019il n\u2019est pas facile d\u2019y arriver. Cela permet de voir la vie et ses difficult\u00e9s diff\u00e9remment, plus sereinement et \u00e7a n\u2019a pas de prix.. Alors pour tout \u00e7a un grand MERCI, avec tout l\u2019amour inconditionnel.\u00a0\u00bb Mary\u00a0<\/em><\/p>\t\t\t\t\t\t<\/div>\n\t\t\t\t<\/div>\n\t\t\t\t\t<\/div>\n\t\t<\/div>\n\t\t\t\t\t\t\t<\/div>\n\t\t<\/section>\n\t\t\t\t<section class=\"elementor-section elementor-top-section elementor-element elementor-element-066524c elementor-section-boxed elementor-section-height-default elementor-section-height-default\" data-id=\"066524c\" data-element_type=\"section\">\n\t\t\t\t\t\t<div class=\"elementor-container elementor-column-gap-default\">\n\t\t\t\t\t<div class=\"elementor-column elementor-col-16 elementor-top-column elementor-element elementor-element-4db3897\" data-id=\"4db3897\" data-element_type=\"column\">\n\t\t\t<div class=\"elementor-widget-wrap elementor-element-populated\">\n\t\t\t\t\t\t\t\t<div class=\"elementor-element elementor-element-e540231 elementor-widget elementor-widget-button\" data-id=\"e540231\" data-element_type=\"widget\" data-widget_type=\"button.default\">\n\t\t\t\t<div class=\"elementor-widget-container\">\n\t\t\t\t\t<div class=\"elementor-button-wrapper\">\n\t\t\t<a class=\"elementor-button elementor-button-link elementor-size-sm\" href=\"https:\/\/etreetvitalite.com\/index.php\/contact\/\" target=\"_blank\">\n\t\t\t\t\t\t<span class=\"elementor-button-content-wrapper\">\n\t\t\t\t\t\t<span class=\"elementor-button-text\">Contact<\/span>\n\t\t<\/span>\n\t\t\t\t\t<\/a>\n\t\t<\/div>\n\t\t\t\t<\/div>\n\t\t\t\t<\/div>\n\t\t\t\t\t<\/div>\n\t\t<\/div>\n\t\t\t\t<div class=\"elementor-column elementor-col-16 elementor-top-column elementor-element elementor-element-54398e8\" data-id=\"54398e8\" data-element_type=\"column\">\n\t\t\t<div class=\"elementor-widget-wrap\">\n\t\t\t\t\t\t\t\t\t<\/div>\n\t\t<\/div>\n\t\t\t\t<div class=\"elementor-column elementor-col-16 elementor-top-column elementor-element elementor-element-1687ae3\" data-id=\"1687ae3\" data-element_type=\"column\">\n\t\t\t<div class=\"elementor-widget-wrap\">\n\t\t\t\t\t\t\t\t\t<\/div>\n\t\t<\/div>\n\t\t\t\t<div class=\"elementor-column elementor-col-16 elementor-top-column elementor-element elementor-element-21e6ca2\" data-id=\"21e6ca2\" data-element_type=\"column\">\n\t\t\t<div class=\"elementor-widget-wrap\">\n\t\t\t\t\t\t\t\t\t<\/div>\n\t\t<\/div>\n\t\t\t\t<div class=\"elementor-column elementor-col-16 elementor-top-column elementor-element elementor-element-cf501a4\" data-id=\"cf501a4\" data-element_type=\"column\">\n\t\t\t<div class=\"elementor-widget-wrap\">\n\t\t\t\t\t\t\t\t\t<\/div>\n\t\t<\/div>\n\t\t\t\t<div class=\"elementor-column elementor-col-16 elementor-top-column elementor-element elementor-element-a2c0b68\" data-id=\"a2c0b68\" data-element_type=\"column\">\n\t\t\t<div class=\"elementor-widget-wrap\">\n\t\t\t\t\t\t\t\t\t<\/div>\n\t\t<\/div>\n\t\t\t\t\t\t\t<\/div>\n\t\t<\/section>\n\t\t\t\t\t\t\t<\/div>\n\t\t","protected":false},"excerpt":{"rendered":"<p>D\u00e9couvrir l\u2019enseignement de la connaissance,\u00a0 la pratique et\u00a0 la gestion de vos \u00e9motions, \u00e0 travers un accompagnement p\u00e9dagogique en douceur pour surmonter tous vos d\u00e9fis &hellip;<\/p>\n","protected":false},"author":2,"featured_media":0,"parent":0,"menu_order":0,"comment_status":"closed","ping_status":"closed","template":"","meta":{"footnotes":""},"yoast_head":"<!-- This site is optimized with the Yoast SEO plugin v24.5 - https:\/\/yoast.com\/wordpress\/plugins\/seo\/ -->\n<title>Perspective de Vie - &nbsp;&nbsp;&nbsp;&nbsp;ETRE &amp; VITALITE<\/title>\n<meta name=\"robots\" content=\"index, follow, max-snippet:-1, max-image-preview:large, max-video-preview:-1\" \/>\n<link rel=\"canonical\" href=\"http:\/\/etreetvitalite.com\/index.php\/atelier-perspective-de-vie\/\" \/>\n<meta property=\"og:locale\" content=\"fr_FR\" \/>\n<meta property=\"og:type\" content=\"article\" \/>\n<meta property=\"og:title\" content=\"Perspective de Vie - &nbsp;&nbsp;&nbsp;&nbsp;ETRE &amp; VITALITE\" \/>\n<meta property=\"og:description\" content=\"D\u00e9couvrir l\u2019enseignement de la connaissance,\u00a0 la pratique et\u00a0 la gestion de vos \u00e9motions, \u00e0 travers un accompagnement p\u00e9dagogique en douceur pour surmonter tous vos d\u00e9fis &hellip;\" \/>\n<meta property=\"og:url\" content=\"http:\/\/etreetvitalite.com\/index.php\/atelier-perspective-de-vie\/\" \/>\n<meta property=\"og:site_name\" content=\"&nbsp;&nbsp;&nbsp;&nbsp;ETRE &amp; VITALITE\" \/>\n<meta property=\"article:modified_time\" content=\"2022-10-30T09:08:30+00:00\" \/>\n<meta property=\"og:image\" content=\"http:\/\/etreetvitalite.com\/wp-content\/uploads\/2022\/10\/perspective-de-vie.jpg\" \/>\n<meta name=\"twitter:card\" content=\"summary_large_image\" \/>\n<meta name=\"twitter:label1\" content=\"Dur\u00e9e de lecture estim\u00e9e\" \/>\n\t<meta name=\"twitter:data1\" content=\"2 minutes\" \/>\n<script type=\"application\/ld+json\" class=\"yoast-schema-graph\">{\"@context\":\"https:\/\/schema.org\",\"@graph\":[{\"@type\":\"WebPage\",\"@id\":\"http:\/\/etreetvitalite.com\/index.php\/atelier-perspective-de-vie\/\",\"url\":\"http:\/\/etreetvitalite.com\/index.php\/atelier-perspective-de-vie\/\",\"name\":\"Perspective de Vie - &nbsp;&nbsp;&nbsp;&nbsp;ETRE &amp; VITALITE\",\"isPartOf\":{\"@id\":\"http:\/\/etreetvitalite.com\/#website\"},\"primaryImageOfPage\":{\"@id\":\"http:\/\/etreetvitalite.com\/index.php\/atelier-perspective-de-vie\/#primaryimage\"},\"image\":{\"@id\":\"http:\/\/etreetvitalite.com\/index.php\/atelier-perspective-de-vie\/#primaryimage\"},\"thumbnailUrl\":\"http:\/\/etreetvitalite.com\/wp-content\/uploads\/2022\/10\/perspective-de-vie.jpg\",\"datePublished\":\"2022-02-10T15:54:26+00:00\",\"dateModified\":\"2022-10-30T09:08:30+00:00\",\"breadcrumb\":{\"@id\":\"http:\/\/etreetvitalite.com\/index.php\/atelier-perspective-de-vie\/#breadcrumb\"},\"inLanguage\":\"fr-FR\",\"potentialAction\":[{\"@type\":\"ReadAction\",\"target\":[\"http:\/\/etreetvitalite.com\/index.php\/atelier-perspective-de-vie\/\"]}]},{\"@type\":\"ImageObject\",\"inLanguage\":\"fr-FR\",\"@id\":\"http:\/\/etreetvitalite.com\/index.php\/atelier-perspective-de-vie\/#primaryimage\",\"url\":\"https:\/\/etreetvitalite.com\/wp-content\/uploads\/2022\/10\/perspective-de-vie.jpg\",\"contentUrl\":\"https:\/\/etreetvitalite.com\/wp-content\/uploads\/2022\/10\/perspective-de-vie.jpg\",\"width\":830,\"height\":554,\"caption\":\"Perspective de Vie\"},{\"@type\":\"BreadcrumbList\",\"@id\":\"http:\/\/etreetvitalite.com\/index.php\/atelier-perspective-de-vie\/#breadcrumb\",\"itemListElement\":[{\"@type\":\"ListItem\",\"position\":1,\"name\":\"Accueil\",\"item\":\"http:\/\/etreetvitalite.com\/\"},{\"@type\":\"ListItem\",\"position\":2,\"name\":\"Perspective de Vie\"}]},{\"@type\":\"WebSite\",\"@id\":\"http:\/\/etreetvitalite.com\/#website\",\"url\":\"http:\/\/etreetvitalite.com\/\",\"name\":\"&nbsp;&nbsp;&nbsp;&nbsp;ETRE &amp; VITALITE\",\"description\":\"PARTICULIERS - ENTREPRISES\",\"publisher\":{\"@id\":\"http:\/\/etreetvitalite.com\/#organization\"},\"potentialAction\":[{\"@type\":\"SearchAction\",\"target\":{\"@type\":\"EntryPoint\",\"urlTemplate\":\"http:\/\/etreetvitalite.com\/?s={search_term_string}\"},\"query-input\":{\"@type\":\"PropertyValueSpecification\",\"valueRequired\":true,\"valueName\":\"search_term_string\"}}],\"inLanguage\":\"fr-FR\"},{\"@type\":\"Organization\",\"@id\":\"http:\/\/etreetvitalite.com\/#organization\",\"name\":\"&nbsp;&nbsp;&nbsp;&nbsp;ETRE &amp; VITALITE\",\"url\":\"http:\/\/etreetvitalite.com\/\",\"logo\":{\"@type\":\"ImageObject\",\"inLanguage\":\"fr-FR\",\"@id\":\"http:\/\/etreetvitalite.com\/#\/schema\/logo\/image\/\",\"url\":\"https:\/\/etreetvitalite.com\/wp-content\/uploads\/2022\/07\/cropped-logo.png\",\"contentUrl\":\"https:\/\/etreetvitalite.com\/wp-content\/uploads\/2022\/07\/cropped-logo.png\",\"width\":381,\"height\":348,\"caption\":\"&nbsp;&nbsp;&nbsp;&nbsp;ETRE &amp; VITALITE\"},\"image\":{\"@id\":\"http:\/\/etreetvitalite.com\/#\/schema\/logo\/image\/\"}}]}<\/script>\n<!-- \/ Yoast SEO plugin. -->","yoast_head_json":{"title":"Perspective de Vie - &nbsp;&nbsp;&nbsp;&nbsp;ETRE &amp; VITALITE","robots":{"index":"index","follow":"follow","max-snippet":"max-snippet:-1","max-image-preview":"max-image-preview:large","max-video-preview":"max-video-preview:-1"},"canonical":"http:\/\/etreetvitalite.com\/index.php\/atelier-perspective-de-vie\/","og_locale":"fr_FR","og_type":"article","og_title":"Perspective de Vie - &nbsp;&nbsp;&nbsp;&nbsp;ETRE &amp; VITALITE","og_description":"D\u00e9couvrir l\u2019enseignement de la connaissance,\u00a0 la pratique et\u00a0 la gestion de vos \u00e9motions, \u00e0 travers un accompagnement p\u00e9dagogique en douceur pour surmonter tous vos d\u00e9fis &hellip;","og_url":"http:\/\/etreetvitalite.com\/index.php\/atelier-perspective-de-vie\/","og_site_name":"&nbsp;&nbsp;&nbsp;&nbsp;ETRE &amp; VITALITE","article_modified_time":"2022-10-30T09:08:30+00:00","og_image":[{"url":"http:\/\/etreetvitalite.com\/wp-content\/uploads\/2022\/10\/perspective-de-vie.jpg","type":"","width":"","height":""}],"twitter_card":"summary_large_image","twitter_misc":{"Dur\u00e9e de lecture estim\u00e9e":"2 minutes"},"schema":{"@context":"https:\/\/schema.org","@graph":[{"@type":"WebPage","@id":"http:\/\/etreetvitalite.com\/index.php\/atelier-perspective-de-vie\/","url":"http:\/\/etreetvitalite.com\/index.php\/atelier-perspective-de-vie\/","name":"Perspective de Vie - &nbsp;&nbsp;&nbsp;&nbsp;ETRE &amp; VITALITE","isPartOf":{"@id":"http:\/\/etreetvitalite.com\/#website"},"primaryImageOfPage":{"@id":"http:\/\/etreetvitalite.com\/index.php\/atelier-perspective-de-vie\/#primaryimage"},"image":{"@id":"http:\/\/etreetvitalite.com\/index.php\/atelier-perspective-de-vie\/#primaryimage"},"thumbnailUrl":"http:\/\/etreetvitalite.com\/wp-content\/uploads\/2022\/10\/perspective-de-vie.jpg","datePublished":"2022-02-10T15:54:26+00:00","dateModified":"2022-10-30T09:08:30+00:00","breadcrumb":{"@id":"http:\/\/etreetvitalite.com\/index.php\/atelier-perspective-de-vie\/#breadcrumb"},"inLanguage":"fr-FR","potentialAction":[{"@type":"ReadAction","target":["http:\/\/etreetvitalite.com\/index.php\/atelier-perspective-de-vie\/"]}]},{"@type":"ImageObject","inLanguage":"fr-FR","@id":"http:\/\/etreetvitalite.com\/index.php\/atelier-perspective-de-vie\/#primaryimage","url":"https:\/\/etreetvitalite.com\/wp-content\/uploads\/2022\/10\/perspective-de-vie.jpg","contentUrl":"https:\/\/etreetvitalite.com\/wp-content\/uploads\/2022\/10\/perspective-de-vie.jpg","width":830,"height":554,"caption":"Perspective de Vie"},{"@type":"BreadcrumbList","@id":"http:\/\/etreetvitalite.com\/index.php\/atelier-perspective-de-vie\/#breadcrumb","itemListElement":[{"@type":"ListItem","position":1,"name":"Accueil","item":"http:\/\/etreetvitalite.com\/"},{"@type":"ListItem","position":2,"name":"Perspective de Vie"}]},{"@type":"WebSite","@id":"http:\/\/etreetvitalite.com\/#website","url":"http:\/\/etreetvitalite.com\/","name":"&nbsp;&nbsp;&nbsp;&nbsp;ETRE &amp; VITALITE","description":"PARTICULIERS - ENTREPRISES","publisher":{"@id":"http:\/\/etreetvitalite.com\/#organization"},"potentialAction":[{"@type":"SearchAction","target":{"@type":"EntryPoint","urlTemplate":"http:\/\/etreetvitalite.com\/?s={search_term_string}"},"query-input":{"@type":"PropertyValueSpecification","valueRequired":true,"valueName":"search_term_string"}}],"inLanguage":"fr-FR"},{"@type":"Organization","@id":"http:\/\/etreetvitalite.com\/#organization","name":"&nbsp;&nbsp;&nbsp;&nbsp;ETRE &amp; VITALITE","url":"http:\/\/etreetvitalite.com\/","logo":{"@type":"ImageObject","inLanguage":"fr-FR","@id":"http:\/\/etreetvitalite.com\/#\/schema\/logo\/image\/","url":"https:\/\/etreetvitalite.com\/wp-content\/uploads\/2022\/07\/cropped-logo.png","contentUrl":"https:\/\/etreetvitalite.com\/wp-content\/uploads\/2022\/07\/cropped-logo.png","width":381,"height":348,"caption":"&nbsp;&nbsp;&nbsp;&nbsp;ETRE &amp; VITALITE"},"image":{"@id":"http:\/\/etreetvitalite.com\/#\/schema\/logo\/image\/"}}]}},"_links":{"self":[{"href":"https:\/\/etreetvitalite.com\/index.php\/wp-json\/wp\/v2\/pages\/423"}],"collection":[{"href":"https:\/\/etreetvitalite.com\/index.php\/wp-json\/wp\/v2\/pages"}],"about":[{"href":"https:\/\/etreetvitalite.com\/index.php\/wp-json\/wp\/v2\/types\/page"}],"author":[{"embeddable":true,"href":"https:\/\/etreetvitalite.com\/index.php\/wp-json\/wp\/v2\/users\/2"}],"replies":[{"embeddable":true,"href":"https:\/\/etreetvitalite.com\/index.php\/wp-json\/wp\/v2\/comments?post=423"}],"version-history":[{"count":170,"href":"https:\/\/etreetvitalite.com\/index.php\/wp-json\/wp\/v2\/pages\/423\/revisions"}],"predecessor-version":[{"id":1786,"href":"https:\/\/etreetvitalite.com\/index.php\/wp-json\/wp\/v2\/pages\/423\/revisions\/1786"}],"wp:attachment":[{"href":"https:\/\/etreetvitalite.com\/index.php\/wp-json\/wp\/v2\/media?parent=423"}],"curies":[{"name":"wp","href":"https:\/\/api.w.org\/{rel}","templated":true}]}}