{"id":515,"date":"2022-02-25T10:37:58","date_gmt":"2022-02-25T09:37:58","guid":{"rendered":"https:\/\/etreetvitalite.com\/?page_id=515"},"modified":"2022-10-29T11:59:54","modified_gmt":"2022-10-29T09:59:54","slug":"remise-en-forme","status":"publish","type":"page","link":"https:\/\/etreetvitalite.com\/index.php\/remise-en-forme\/","title":{"rendered":"Remise en Forme"},"content":{"rendered":"\t\t<div data-elementor-type=\"wp-page\" data-elementor-id=\"515\" class=\"elementor elementor-515\">\n\t\t\t\t\t\t\t\t\t<section class=\"elementor-section elementor-top-section elementor-element elementor-element-1d1b4d9 elementor-section-boxed elementor-section-height-default elementor-section-height-default\" data-id=\"1d1b4d9\" data-element_type=\"section\">\n\t\t\t\t\t\t<div class=\"elementor-container elementor-column-gap-default\">\n\t\t\t\t\t<div class=\"elementor-column elementor-col-33 elementor-top-column elementor-element elementor-element-5278186\" data-id=\"5278186\" data-element_type=\"column\">\n\t\t\t<div class=\"elementor-widget-wrap elementor-element-populated\">\n\t\t\t\t\t\t\t\t<div class=\"elementor-element elementor-element-861d1a0 elementor-widget elementor-widget-image\" data-id=\"861d1a0\" data-element_type=\"widget\" data-widget_type=\"image.default\">\n\t\t\t\t<div class=\"elementor-widget-container\">\n\t\t\t<style>\/*! elementor - v3.16.0 - 17-10-2023 *\/\n.elementor-widget-image{text-align:center}.elementor-widget-image a{display:inline-block}.elementor-widget-image a img[src$=\".svg\"]{width:48px}.elementor-widget-image img{vertical-align:middle;display:inline-block}<\/style>\t\t\t\t\t\t\t\t\t<figure class=\"wp-caption\">\n\t\t\t\t\t\t\t\t\t\t<img loading=\"lazy\" decoding=\"async\" width=\"840\" height=\"530\" src=\"https:\/\/etreetvitalite.com\/wp-content\/uploads\/2022\/10\/MontPlaisir1.jpg\" class=\"attachment-large size-large wp-image-1639\" alt=\"\" srcset=\"https:\/\/etreetvitalite.com\/wp-content\/uploads\/2022\/10\/MontPlaisir1.jpg 840w, https:\/\/etreetvitalite.com\/wp-content\/uploads\/2022\/10\/MontPlaisir1-300x189.jpg 300w, https:\/\/etreetvitalite.com\/wp-content\/uploads\/2022\/10\/MontPlaisir1-768x485.jpg 768w, https:\/\/etreetvitalite.com\/wp-content\/uploads\/2022\/10\/MontPlaisir1-475x300.jpg 475w, https:\/\/etreetvitalite.com\/wp-content\/uploads\/2022\/10\/MontPlaisir1-600x379.jpg 600w\" sizes=\"(max-width: 840px) 100vw, 840px\" \/>\t\t\t\t\t\t\t\t\t\t\t<figcaption class=\"widget-image-caption wp-caption-text\"><\/figcaption>\n\t\t\t\t\t\t\t\t\t\t<\/figure>\n\t\t\t\t\t\t\t\t\t<\/div>\n\t\t\t\t<\/div>\n\t\t\t\t\t<\/div>\n\t\t<\/div>\n\t\t\t\t<div class=\"elementor-column elementor-col-33 elementor-top-column elementor-element elementor-element-9de151e\" data-id=\"9de151e\" data-element_type=\"column\">\n\t\t\t<div class=\"elementor-widget-wrap elementor-element-populated\">\n\t\t\t\t\t\t\t\t<div class=\"elementor-element elementor-element-b489812 elementor-widget elementor-widget-image\" data-id=\"b489812\" data-element_type=\"widget\" data-widget_type=\"image.default\">\n\t\t\t\t<div class=\"elementor-widget-container\">\n\t\t\t\t\t\t\t\t\t\t\t\t\t\t\t<img loading=\"lazy\" decoding=\"async\" width=\"840\" height=\"530\" src=\"https:\/\/etreetvitalite.com\/wp-content\/uploads\/2022\/10\/MontPlaisir2.jpg\" class=\"attachment-large size-large wp-image-1640\" alt=\"\" srcset=\"https:\/\/etreetvitalite.com\/wp-content\/uploads\/2022\/10\/MontPlaisir2.jpg 840w, https:\/\/etreetvitalite.com\/wp-content\/uploads\/2022\/10\/MontPlaisir2-300x189.jpg 300w, https:\/\/etreetvitalite.com\/wp-content\/uploads\/2022\/10\/MontPlaisir2-768x485.jpg 768w, https:\/\/etreetvitalite.com\/wp-content\/uploads\/2022\/10\/MontPlaisir2-475x300.jpg 475w, https:\/\/etreetvitalite.com\/wp-content\/uploads\/2022\/10\/MontPlaisir2-600x379.jpg 600w\" sizes=\"(max-width: 840px) 100vw, 840px\" \/>\t\t\t\t\t\t\t\t\t\t\t\t\t\t\t<\/div>\n\t\t\t\t<\/div>\n\t\t\t\t\t<\/div>\n\t\t<\/div>\n\t\t\t\t<div class=\"elementor-column elementor-col-33 elementor-top-column elementor-element elementor-element-f9d0ede\" data-id=\"f9d0ede\" data-element_type=\"column\">\n\t\t\t<div class=\"elementor-widget-wrap elementor-element-populated\">\n\t\t\t\t\t\t\t\t<div class=\"elementor-element elementor-element-3d286ac elementor-widget elementor-widget-image\" data-id=\"3d286ac\" data-element_type=\"widget\" data-widget_type=\"image.default\">\n\t\t\t\t<div class=\"elementor-widget-container\">\n\t\t\t\t\t\t\t\t\t\t\t\t\t\t\t<img loading=\"lazy\" decoding=\"async\" width=\"840\" height=\"530\" src=\"https:\/\/etreetvitalite.com\/wp-content\/uploads\/2022\/10\/MontPlaisir3.jpg\" class=\"attachment-large size-large wp-image-1641\" alt=\"\" srcset=\"https:\/\/etreetvitalite.com\/wp-content\/uploads\/2022\/10\/MontPlaisir3.jpg 840w, https:\/\/etreetvitalite.com\/wp-content\/uploads\/2022\/10\/MontPlaisir3-300x189.jpg 300w, https:\/\/etreetvitalite.com\/wp-content\/uploads\/2022\/10\/MontPlaisir3-768x485.jpg 768w, https:\/\/etreetvitalite.com\/wp-content\/uploads\/2022\/10\/MontPlaisir3-475x300.jpg 475w, https:\/\/etreetvitalite.com\/wp-content\/uploads\/2022\/10\/MontPlaisir3-600x379.jpg 600w\" sizes=\"(max-width: 840px) 100vw, 840px\" \/>\t\t\t\t\t\t\t\t\t\t\t\t\t\t\t<\/div>\n\t\t\t\t<\/div>\n\t\t\t\t\t<\/div>\n\t\t<\/div>\n\t\t\t\t\t\t\t<\/div>\n\t\t<\/section>\n\t\t\t\t<section class=\"elementor-section elementor-top-section elementor-element elementor-element-397e66f elementor-section-boxed elementor-section-height-default elementor-section-height-default\" data-id=\"397e66f\" data-element_type=\"section\">\n\t\t\t\t\t\t<div class=\"elementor-container elementor-column-gap-default\">\n\t\t\t\t\t<div class=\"elementor-column elementor-col-100 elementor-top-column elementor-element elementor-element-7fd114a\" data-id=\"7fd114a\" data-element_type=\"column\">\n\t\t\t<div class=\"elementor-widget-wrap elementor-element-populated\">\n\t\t\t\t\t\t\t\t<div class=\"elementor-element elementor-element-2010ca0 elementor-widget elementor-widget-text-editor\" data-id=\"2010ca0\" data-element_type=\"widget\" data-widget_type=\"text-editor.default\">\n\t\t\t\t<div class=\"elementor-widget-container\">\n\t\t\t<style>\/*! elementor - v3.16.0 - 17-10-2023 *\/\n.elementor-widget-text-editor.elementor-drop-cap-view-stacked .elementor-drop-cap{background-color:#69727d;color:#fff}.elementor-widget-text-editor.elementor-drop-cap-view-framed .elementor-drop-cap{color:#69727d;border:3px solid;background-color:transparent}.elementor-widget-text-editor:not(.elementor-drop-cap-view-default) .elementor-drop-cap{margin-top:8px}.elementor-widget-text-editor:not(.elementor-drop-cap-view-default) .elementor-drop-cap-letter{width:1em;height:1em}.elementor-widget-text-editor .elementor-drop-cap{float:left;text-align:center;line-height:1;font-size:50px}.elementor-widget-text-editor .elementor-drop-cap-letter{display:inline-block}<\/style>\t\t\t\t<p>Remise en Forme \u00e0 la Ferme<\/p><p><strong>Au lieu-dit Montplaisir <\/strong><strong>Ste Croix aux Mines <\/strong><strong>\u00ab\u00a0G\u00eete un coin de Paradis\u00a0\u00bb*<\/strong><\/p><p><strong>*<\/strong>Ou tout autre lieu dans la nature selon les possibilit\u00e9s d\u2019accueil<\/p>\t\t\t\t\t\t<\/div>\n\t\t\t\t<\/div>\n\t\t\t\t\t<\/div>\n\t\t<\/div>\n\t\t\t\t\t\t\t<\/div>\n\t\t<\/section>\n\t\t\t\t<section class=\"elementor-section elementor-top-section elementor-element elementor-element-4d8430e elementor-section-boxed elementor-section-height-default elementor-section-height-default\" data-id=\"4d8430e\" data-element_type=\"section\">\n\t\t\t\t\t\t<div class=\"elementor-container elementor-column-gap-default\">\n\t\t\t\t\t<div class=\"elementor-column elementor-col-100 elementor-top-column elementor-element elementor-element-29040e2\" data-id=\"29040e2\" data-element_type=\"column\">\n\t\t\t<div class=\"elementor-widget-wrap elementor-element-populated\">\n\t\t\t\t\t\t\t\t<div class=\"elementor-element elementor-element-15e757f elementor-widget elementor-widget-text-editor\" data-id=\"15e757f\" data-element_type=\"widget\" data-widget_type=\"text-editor.default\">\n\t\t\t\t<div class=\"elementor-widget-container\">\n\t\t\t\t\t\t\t<p><strong>Les s\u00e9minaires de remise en forme pour particuliers ou entreprises<\/strong><\/p><p>\u00a0<\/p><p>La ferme vous accueille dans un cadre de nature exceptionnel pour se ressourcer,<\/p><p>Un programme adapt\u00e9 et doux pour vous remettre en forme physiquement et psychiquement, afin que vous retrouviez la s\u00e9r\u00e9nit\u00e9, la vitalit\u00e9, la joie.\u00a0<\/p><p>Un moment \u00e0 soi ou en couple, en famille, \u00e0 s\u2019offrir ou \u00e0 offrir<\/p><p>1 Week-end avec 1 nuit\u00e9e 239\u20ac inclus 3 s\u00e9ances au choix par jour<\/p><p>Studio avec kitchenette, douche, wc, draps\/serviettes inclus<\/p><p>3 jours 2 nuit\u00e9es,\u00a0\u00a0<\/p><p>5 jours 4 nuit\u00e9es<\/p><p>Dans le g\u00eete, inclus petit d\u00e9jeuner, possibilit\u00e9 repas midi et soir ayurv\u00e9diques ou traiteur.<\/p><p><strong>Remise en forme\u00a0:<\/strong><\/p><p>\u00a03 activit\u00e9s par jour au choix\u00a0: d\u2019\u00e9coute personnel, massages, s\u00e9ances Reconnexion (magn\u00e9tisme et \u00e9nerg\u00e9tique), m\u00e9ditations, marche en conscience, communication et contact avec les animaux de la ferme, massages aux bols tib\u00e9tains, tambours.<\/p>\t\t\t\t\t\t<\/div>\n\t\t\t\t<\/div>\n\t\t\t\t\t<\/div>\n\t\t<\/div>\n\t\t\t\t\t\t\t<\/div>\n\t\t<\/section>\n\t\t\t\t<section class=\"elementor-section elementor-top-section elementor-element elementor-element-9a0ac70 elementor-section-boxed elementor-section-height-default elementor-section-height-default\" data-id=\"9a0ac70\" data-element_type=\"section\">\n\t\t\t\t\t\t<div class=\"elementor-container elementor-column-gap-default\">\n\t\t\t\t\t<div class=\"elementor-column elementor-col-33 elementor-top-column elementor-element elementor-element-7abb501\" data-id=\"7abb501\" data-element_type=\"column\">\n\t\t\t<div class=\"elementor-widget-wrap elementor-element-populated\">\n\t\t\t\t\t\t\t\t<div class=\"elementor-element elementor-element-8f1917a elementor-widget elementor-widget-button\" data-id=\"8f1917a\" data-element_type=\"widget\" data-widget_type=\"button.default\">\n\t\t\t\t<div class=\"elementor-widget-container\">\n\t\t\t\t\t<div class=\"elementor-button-wrapper\">\n\t\t\t<a class=\"elementor-button elementor-button-link elementor-size-sm\" href=\"https:\/\/etreetvitalite.com\/index.php\/contact\/\">\n\t\t\t\t\t\t<span class=\"elementor-button-content-wrapper\">\n\t\t\t\t\t\t<span class=\"elementor-button-text\">Contact<\/span>\n\t\t<\/span>\n\t\t\t\t\t<\/a>\n\t\t<\/div>\n\t\t\t\t<\/div>\n\t\t\t\t<\/div>\n\t\t\t\t\t<\/div>\n\t\t<\/div>\n\t\t\t\t<div class=\"elementor-column elementor-col-33 elementor-top-column elementor-element elementor-element-3105e1f\" data-id=\"3105e1f\" data-element_type=\"column\">\n\t\t\t<div class=\"elementor-widget-wrap\">\n\t\t\t\t\t\t\t\t\t<\/div>\n\t\t<\/div>\n\t\t\t\t<div class=\"elementor-column elementor-col-33 elementor-top-column elementor-element elementor-element-2394980\" data-id=\"2394980\" data-element_type=\"column\">\n\t\t\t<div class=\"elementor-widget-wrap\">\n\t\t\t\t\t\t\t\t\t<\/div>\n\t\t<\/div>\n\t\t\t\t\t\t\t<\/div>\n\t\t<\/section>\n\t\t\t\t\t\t\t<\/div>\n\t\t","protected":false},"excerpt":{"rendered":"<p>Remise en Forme \u00e0 la Ferme Au lieu-dit Montplaisir Ste Croix aux Mines \u00ab\u00a0G\u00eete un coin de Paradis\u00a0\u00bb* *Ou tout autre lieu dans la nature &hellip;<\/p>\n","protected":false},"author":2,"featured_media":0,"parent":0,"menu_order":0,"comment_status":"closed","ping_status":"closed","template":"","meta":{"footnotes":""},"yoast_head":"<!-- This site is optimized with the Yoast SEO plugin v24.5 - https:\/\/yoast.com\/wordpress\/plugins\/seo\/ -->\n<title>Remise en Forme - &nbsp;&nbsp;&nbsp;&nbsp;ETRE &amp; VITALITE<\/title>\n<meta name=\"robots\" content=\"index, follow, max-snippet:-1, max-image-preview:large, max-video-preview:-1\" \/>\n<link rel=\"canonical\" href=\"https:\/\/etreetvitalite.com\/index.php\/remise-en-forme\/\" \/>\n<meta property=\"og:locale\" content=\"fr_FR\" \/>\n<meta property=\"og:type\" content=\"article\" \/>\n<meta property=\"og:title\" content=\"Remise en Forme - &nbsp;&nbsp;&nbsp;&nbsp;ETRE &amp; VITALITE\" \/>\n<meta property=\"og:description\" content=\"Remise en Forme \u00e0 la Ferme Au lieu-dit Montplaisir Ste Croix aux Mines \u00ab\u00a0G\u00eete un coin de Paradis\u00a0\u00bb* *Ou tout autre lieu dans la nature &hellip;\" \/>\n<meta property=\"og:url\" content=\"https:\/\/etreetvitalite.com\/index.php\/remise-en-forme\/\" \/>\n<meta property=\"og:site_name\" content=\"&nbsp;&nbsp;&nbsp;&nbsp;ETRE &amp; VITALITE\" \/>\n<meta property=\"article:modified_time\" content=\"2022-10-29T09:59:54+00:00\" \/>\n<meta property=\"og:image\" content=\"http:\/\/etreetvitalite.com\/wp-content\/uploads\/2022\/10\/MontPlaisir1.jpg\" \/>\n<meta name=\"twitter:card\" content=\"summary_large_image\" \/>\n<meta name=\"twitter:label1\" content=\"Dur\u00e9e de lecture estim\u00e9e\" \/>\n\t<meta name=\"twitter:data1\" content=\"2 minutes\" \/>\n<script type=\"application\/ld+json\" class=\"yoast-schema-graph\">{\"@context\":\"https:\/\/schema.org\",\"@graph\":[{\"@type\":\"WebPage\",\"@id\":\"https:\/\/etreetvitalite.com\/index.php\/remise-en-forme\/\",\"url\":\"https:\/\/etreetvitalite.com\/index.php\/remise-en-forme\/\",\"name\":\"Remise en Forme - &nbsp;&nbsp;&nbsp;&nbsp;ETRE &amp; VITALITE\",\"isPartOf\":{\"@id\":\"http:\/\/etreetvitalite.com\/#website\"},\"primaryImageOfPage\":{\"@id\":\"https:\/\/etreetvitalite.com\/index.php\/remise-en-forme\/#primaryimage\"},\"image\":{\"@id\":\"https:\/\/etreetvitalite.com\/index.php\/remise-en-forme\/#primaryimage\"},\"thumbnailUrl\":\"http:\/\/etreetvitalite.com\/wp-content\/uploads\/2022\/10\/MontPlaisir1.jpg\",\"datePublished\":\"2022-02-25T09:37:58+00:00\",\"dateModified\":\"2022-10-29T09:59:54+00:00\",\"breadcrumb\":{\"@id\":\"https:\/\/etreetvitalite.com\/index.php\/remise-en-forme\/#breadcrumb\"},\"inLanguage\":\"fr-FR\",\"potentialAction\":[{\"@type\":\"ReadAction\",\"target\":[\"https:\/\/etreetvitalite.com\/index.php\/remise-en-forme\/\"]}]},{\"@type\":\"ImageObject\",\"inLanguage\":\"fr-FR\",\"@id\":\"https:\/\/etreetvitalite.com\/index.php\/remise-en-forme\/#primaryimage\",\"url\":\"http:\/\/etreetvitalite.com\/wp-content\/uploads\/2022\/10\/MontPlaisir1.jpg\",\"contentUrl\":\"http:\/\/etreetvitalite.com\/wp-content\/uploads\/2022\/10\/MontPlaisir1.jpg\"},{\"@type\":\"BreadcrumbList\",\"@id\":\"https:\/\/etreetvitalite.com\/index.php\/remise-en-forme\/#breadcrumb\",\"itemListElement\":[{\"@type\":\"ListItem\",\"position\":1,\"name\":\"Accueil\",\"item\":\"http:\/\/etreetvitalite.com\/\"},{\"@type\":\"ListItem\",\"position\":2,\"name\":\"Remise en Forme\"}]},{\"@type\":\"WebSite\",\"@id\":\"http:\/\/etreetvitalite.com\/#website\",\"url\":\"http:\/\/etreetvitalite.com\/\",\"name\":\"&nbsp;&nbsp;&nbsp;&nbsp;ETRE &amp; VITALITE\",\"description\":\"PARTICULIERS - ENTREPRISES\",\"publisher\":{\"@id\":\"http:\/\/etreetvitalite.com\/#organization\"},\"potentialAction\":[{\"@type\":\"SearchAction\",\"target\":{\"@type\":\"EntryPoint\",\"urlTemplate\":\"http:\/\/etreetvitalite.com\/?s={search_term_string}\"},\"query-input\":{\"@type\":\"PropertyValueSpecification\",\"valueRequired\":true,\"valueName\":\"search_term_string\"}}],\"inLanguage\":\"fr-FR\"},{\"@type\":\"Organization\",\"@id\":\"http:\/\/etreetvitalite.com\/#organization\",\"name\":\"&nbsp;&nbsp;&nbsp;&nbsp;ETRE &amp; VITALITE\",\"url\":\"http:\/\/etreetvitalite.com\/\",\"logo\":{\"@type\":\"ImageObject\",\"inLanguage\":\"fr-FR\",\"@id\":\"http:\/\/etreetvitalite.com\/#\/schema\/logo\/image\/\",\"url\":\"https:\/\/etreetvitalite.com\/wp-content\/uploads\/2022\/07\/cropped-logo.png\",\"contentUrl\":\"https:\/\/etreetvitalite.com\/wp-content\/uploads\/2022\/07\/cropped-logo.png\",\"width\":381,\"height\":348,\"caption\":\"&nbsp;&nbsp;&nbsp;&nbsp;ETRE &amp; VITALITE\"},\"image\":{\"@id\":\"http:\/\/etreetvitalite.com\/#\/schema\/logo\/image\/\"}}]}<\/script>\n<!-- \/ Yoast SEO plugin. -->","yoast_head_json":{"title":"Remise en Forme - &nbsp;&nbsp;&nbsp;&nbsp;ETRE &amp; VITALITE","robots":{"index":"index","follow":"follow","max-snippet":"max-snippet:-1","max-image-preview":"max-image-preview:large","max-video-preview":"max-video-preview:-1"},"canonical":"https:\/\/etreetvitalite.com\/index.php\/remise-en-forme\/","og_locale":"fr_FR","og_type":"article","og_title":"Remise en Forme - &nbsp;&nbsp;&nbsp;&nbsp;ETRE &amp; VITALITE","og_description":"Remise en Forme \u00e0 la Ferme Au lieu-dit Montplaisir Ste Croix aux Mines \u00ab\u00a0G\u00eete un coin de Paradis\u00a0\u00bb* *Ou tout autre lieu dans la nature &hellip;","og_url":"https:\/\/etreetvitalite.com\/index.php\/remise-en-forme\/","og_site_name":"&nbsp;&nbsp;&nbsp;&nbsp;ETRE &amp; VITALITE","article_modified_time":"2022-10-29T09:59:54+00:00","og_image":[{"url":"http:\/\/etreetvitalite.com\/wp-content\/uploads\/2022\/10\/MontPlaisir1.jpg","type":"","width":"","height":""}],"twitter_card":"summary_large_image","twitter_misc":{"Dur\u00e9e de lecture estim\u00e9e":"2 minutes"},"schema":{"@context":"https:\/\/schema.org","@graph":[{"@type":"WebPage","@id":"https:\/\/etreetvitalite.com\/index.php\/remise-en-forme\/","url":"https:\/\/etreetvitalite.com\/index.php\/remise-en-forme\/","name":"Remise en Forme - &nbsp;&nbsp;&nbsp;&nbsp;ETRE &amp; VITALITE","isPartOf":{"@id":"http:\/\/etreetvitalite.com\/#website"},"primaryImageOfPage":{"@id":"https:\/\/etreetvitalite.com\/index.php\/remise-en-forme\/#primaryimage"},"image":{"@id":"https:\/\/etreetvitalite.com\/index.php\/remise-en-forme\/#primaryimage"},"thumbnailUrl":"http:\/\/etreetvitalite.com\/wp-content\/uploads\/2022\/10\/MontPlaisir1.jpg","datePublished":"2022-02-25T09:37:58+00:00","dateModified":"2022-10-29T09:59:54+00:00","breadcrumb":{"@id":"https:\/\/etreetvitalite.com\/index.php\/remise-en-forme\/#breadcrumb"},"inLanguage":"fr-FR","potentialAction":[{"@type":"ReadAction","target":["https:\/\/etreetvitalite.com\/index.php\/remise-en-forme\/"]}]},{"@type":"ImageObject","inLanguage":"fr-FR","@id":"https:\/\/etreetvitalite.com\/index.php\/remise-en-forme\/#primaryimage","url":"http:\/\/etreetvitalite.com\/wp-content\/uploads\/2022\/10\/MontPlaisir1.jpg","contentUrl":"http:\/\/etreetvitalite.com\/wp-content\/uploads\/2022\/10\/MontPlaisir1.jpg"},{"@type":"BreadcrumbList","@id":"https:\/\/etreetvitalite.com\/index.php\/remise-en-forme\/#breadcrumb","itemListElement":[{"@type":"ListItem","position":1,"name":"Accueil","item":"http:\/\/etreetvitalite.com\/"},{"@type":"ListItem","position":2,"name":"Remise en Forme"}]},{"@type":"WebSite","@id":"http:\/\/etreetvitalite.com\/#website","url":"http:\/\/etreetvitalite.com\/","name":"&nbsp;&nbsp;&nbsp;&nbsp;ETRE &amp; VITALITE","description":"PARTICULIERS - ENTREPRISES","publisher":{"@id":"http:\/\/etreetvitalite.com\/#organization"},"potentialAction":[{"@type":"SearchAction","target":{"@type":"EntryPoint","urlTemplate":"http:\/\/etreetvitalite.com\/?s={search_term_string}"},"query-input":{"@type":"PropertyValueSpecification","valueRequired":true,"valueName":"search_term_string"}}],"inLanguage":"fr-FR"},{"@type":"Organization","@id":"http:\/\/etreetvitalite.com\/#organization","name":"&nbsp;&nbsp;&nbsp;&nbsp;ETRE &amp; VITALITE","url":"http:\/\/etreetvitalite.com\/","logo":{"@type":"ImageObject","inLanguage":"fr-FR","@id":"http:\/\/etreetvitalite.com\/#\/schema\/logo\/image\/","url":"https:\/\/etreetvitalite.com\/wp-content\/uploads\/2022\/07\/cropped-logo.png","contentUrl":"https:\/\/etreetvitalite.com\/wp-content\/uploads\/2022\/07\/cropped-logo.png","width":381,"height":348,"caption":"&nbsp;&nbsp;&nbsp;&nbsp;ETRE &amp; VITALITE"},"image":{"@id":"http:\/\/etreetvitalite.com\/#\/schema\/logo\/image\/"}}]}},"_links":{"self":[{"href":"https:\/\/etreetvitalite.com\/index.php\/wp-json\/wp\/v2\/pages\/515"}],"collection":[{"href":"https:\/\/etreetvitalite.com\/index.php\/wp-json\/wp\/v2\/pages"}],"about":[{"href":"https:\/\/etreetvitalite.com\/index.php\/wp-json\/wp\/v2\/types\/page"}],"author":[{"embeddable":true,"href":"https:\/\/etreetvitalite.com\/index.php\/wp-json\/wp\/v2\/users\/2"}],"replies":[{"embeddable":true,"href":"https:\/\/etreetvitalite.com\/index.php\/wp-json\/wp\/v2\/comments?post=515"}],"version-history":[{"count":34,"href":"https:\/\/etreetvitalite.com\/index.php\/wp-json\/wp\/v2\/pages\/515\/revisions"}],"predecessor-version":[{"id":1644,"href":"https:\/\/etreetvitalite.com\/index.php\/wp-json\/wp\/v2\/pages\/515\/revisions\/1644"}],"wp:attachment":[{"href":"https:\/\/etreetvitalite.com\/index.php\/wp-json\/wp\/v2\/media?parent=515"}],"curies":[{"name":"wp","href":"https:\/\/api.w.org\/{rel}","templated":true}]}}