{"id":936,"date":"2022-10-26T09:35:45","date_gmt":"2022-10-26T07:35:45","guid":{"rendered":"https:\/\/etreetvitalite.com\/?page_id=936"},"modified":"2022-10-28T16:53:58","modified_gmt":"2022-10-28T14:53:58","slug":"sens-de-vie-seniors","status":"publish","type":"page","link":"https:\/\/etreetvitalite.com\/index.php\/sens-de-vie-seniors\/","title":{"rendered":"Sens de Vie Seniors"},"content":{"rendered":"\t\t<div data-elementor-type=\"wp-page\" data-elementor-id=\"936\" class=\"elementor elementor-936\">\n\t\t\t\t\t\t\t\t\t<section class=\"elementor-section elementor-top-section elementor-element elementor-element-99d7495 elementor-section-boxed elementor-section-height-default elementor-section-height-default\" data-id=\"99d7495\" data-element_type=\"section\">\n\t\t\t\t\t\t<div class=\"elementor-container elementor-column-gap-default\">\n\t\t\t\t\t<div class=\"elementor-column elementor-col-50 elementor-top-column elementor-element elementor-element-2ea61c5\" data-id=\"2ea61c5\" data-element_type=\"column\">\n\t\t\t<div class=\"elementor-widget-wrap elementor-element-populated\">\n\t\t\t\t\t\t\t\t<div class=\"elementor-element elementor-element-74c8c7f elementor-widget elementor-widget-image\" data-id=\"74c8c7f\" data-element_type=\"widget\" data-widget_type=\"image.default\">\n\t\t\t\t<div class=\"elementor-widget-container\">\n\t\t\t<style>\/*! elementor - v3.16.0 - 17-10-2023 *\/\n.elementor-widget-image{text-align:center}.elementor-widget-image a{display:inline-block}.elementor-widget-image a img[src$=\".svg\"]{width:48px}.elementor-widget-image img{vertical-align:middle;display:inline-block}<\/style>\t\t\t\t\t\t\t\t\t\t\t\t<img loading=\"lazy\" decoding=\"async\" width=\"836\" height=\"558\" src=\"https:\/\/etreetvitalite.com\/wp-content\/uploads\/2022\/10\/SDVS.jpg\" class=\"attachment-large size-large wp-image-993\" alt=\"\" srcset=\"https:\/\/etreetvitalite.com\/wp-content\/uploads\/2022\/10\/SDVS.jpg 836w, https:\/\/etreetvitalite.com\/wp-content\/uploads\/2022\/10\/SDVS-300x200.jpg 300w, https:\/\/etreetvitalite.com\/wp-content\/uploads\/2022\/10\/SDVS-768x513.jpg 768w, https:\/\/etreetvitalite.com\/wp-content\/uploads\/2022\/10\/SDVS-449x300.jpg 449w, https:\/\/etreetvitalite.com\/wp-content\/uploads\/2022\/10\/SDVS-600x400.jpg 600w\" sizes=\"(max-width: 836px) 100vw, 836px\" \/>\t\t\t\t\t\t\t\t\t\t\t\t\t\t\t<\/div>\n\t\t\t\t<\/div>\n\t\t\t\t\t<\/div>\n\t\t<\/div>\n\t\t\t\t<div class=\"elementor-column elementor-col-50 elementor-top-column elementor-element elementor-element-fdc40fb\" data-id=\"fdc40fb\" data-element_type=\"column\">\n\t\t\t<div class=\"elementor-widget-wrap elementor-element-populated\">\n\t\t\t\t\t\t\t\t<div class=\"elementor-element elementor-element-e4b9d0e elementor-widget elementor-widget-text-editor\" data-id=\"e4b9d0e\" data-element_type=\"widget\" data-widget_type=\"text-editor.default\">\n\t\t\t\t<div class=\"elementor-widget-container\">\n\t\t\t<style>\/*! elementor - v3.16.0 - 17-10-2023 *\/\n.elementor-widget-text-editor.elementor-drop-cap-view-stacked .elementor-drop-cap{background-color:#69727d;color:#fff}.elementor-widget-text-editor.elementor-drop-cap-view-framed .elementor-drop-cap{color:#69727d;border:3px solid;background-color:transparent}.elementor-widget-text-editor:not(.elementor-drop-cap-view-default) .elementor-drop-cap{margin-top:8px}.elementor-widget-text-editor:not(.elementor-drop-cap-view-default) .elementor-drop-cap-letter{width:1em;height:1em}.elementor-widget-text-editor .elementor-drop-cap{float:left;text-align:center;line-height:1;font-size:50px}.elementor-widget-text-editor .elementor-drop-cap-letter{display:inline-block}<\/style>\t\t\t\t<p>Il permet aux s\u00e9niors d\u2019aller explorer la personne qu\u2019ils sont vraiment, celle qui a \u00e9t\u00e9 oubli\u00e9e par les contraintes de la vie professionnelle, familiale.<\/p><p>Afin de mieux appr\u00e9hender et s\u2019\u00e9panouir dans sa retraite.<\/p><p>\u00c9mouvant et joyeux, cet atelier vous comblera de plaisirs.<\/p><p>\u00a0<\/p>\t\t\t\t\t\t<\/div>\n\t\t\t\t<\/div>\n\t\t\t\t\t<\/div>\n\t\t<\/div>\n\t\t\t\t\t\t\t<\/div>\n\t\t<\/section>\n\t\t\t\t<section class=\"elementor-section elementor-top-section elementor-element elementor-element-5bded97 elementor-section-boxed elementor-section-height-default elementor-section-height-default\" data-id=\"5bded97\" data-element_type=\"section\">\n\t\t\t\t\t\t<div class=\"elementor-container elementor-column-gap-default\">\n\t\t\t\t\t<div class=\"elementor-column elementor-col-100 elementor-top-column elementor-element elementor-element-ec3fe85\" data-id=\"ec3fe85\" data-element_type=\"column\">\n\t\t\t<div class=\"elementor-widget-wrap elementor-element-populated\">\n\t\t\t\t\t\t\t\t<div class=\"elementor-element elementor-element-68eeab4 elementor-widget elementor-widget-text-editor\" data-id=\"68eeab4\" data-element_type=\"widget\" data-widget_type=\"text-editor.default\">\n\t\t\t\t<div class=\"elementor-widget-container\">\n\t\t\t\t\t\t\t<p><strong>Tarif\u00a0<\/strong><\/p><p>pack s\u00e9nior 2x 2h soit 4h\u00a0: 300\u20ac soit 75\u20ac de l\u2019heure<\/p><p>Tarif entreprise pour les futurs retrait\u00e9s sur demande<\/p>\t\t\t\t\t\t<\/div>\n\t\t\t\t<\/div>\n\t\t\t\t\t<\/div>\n\t\t<\/div>\n\t\t\t\t\t\t\t<\/div>\n\t\t<\/section>\n\t\t\t\t<section class=\"elementor-section elementor-top-section elementor-element elementor-element-1faeb76 elementor-section-boxed elementor-section-height-default elementor-section-height-default\" data-id=\"1faeb76\" data-element_type=\"section\">\n\t\t\t\t\t\t<div class=\"elementor-container elementor-column-gap-default\">\n\t\t\t\t\t<div class=\"elementor-column elementor-col-100 elementor-top-column elementor-element elementor-element-9a7d17d\" data-id=\"9a7d17d\" data-element_type=\"column\">\n\t\t\t<div class=\"elementor-widget-wrap elementor-element-populated\">\n\t\t\t\t\t\t\t\t<div class=\"elementor-element elementor-element-bf8a0c0 elementor-widget elementor-widget-text-editor\" data-id=\"bf8a0c0\" data-element_type=\"widget\" data-widget_type=\"text-editor.default\">\n\t\t\t\t<div class=\"elementor-widget-container\">\n\t\t\t\t\t\t\t<p><strong>T\u00e9moignage\u00a0:<\/strong><\/p><p><em>MC\u00a0: Un cadeau,\u00a0 j\u2019ai revisit\u00e9 une bonne partie de ma vie, uniquement celle qui a \u00e9t\u00e9 heureuse. <\/em><\/p><p><em>Un atelier bluffant,\u00a0 facile et agr\u00e9able. <\/em><\/p><p><em>Aujourd\u2019hui, je ne m\u2019ennuie plus, je n\u2019ai plus peur,\u00a0 m\u00eame d\u2019\u00eatre seule, je dors mieux et surtout je me fais plaisir avec des passions oubli\u00e9es. <\/em><\/p><p><em>Merci, j\u2019ai ador\u00e9 et je le\u00a0 recommande<\/em><\/p>\t\t\t\t\t\t<\/div>\n\t\t\t\t<\/div>\n\t\t\t\t\t<\/div>\n\t\t<\/div>\n\t\t\t\t\t\t\t<\/div>\n\t\t<\/section>\n\t\t\t\t<section class=\"elementor-section elementor-top-section elementor-element elementor-element-36e0c82 elementor-section-boxed elementor-section-height-default elementor-section-height-default\" data-id=\"36e0c82\" data-element_type=\"section\">\n\t\t\t\t\t\t<div class=\"elementor-container elementor-column-gap-default\">\n\t\t\t\t\t<div class=\"elementor-column elementor-col-33 elementor-top-column elementor-element elementor-element-7409b7c\" data-id=\"7409b7c\" data-element_type=\"column\">\n\t\t\t<div class=\"elementor-widget-wrap elementor-element-populated\">\n\t\t\t\t\t\t\t\t<div class=\"elementor-element elementor-element-5a876d2 elementor-widget elementor-widget-button\" data-id=\"5a876d2\" data-element_type=\"widget\" data-widget_type=\"button.default\">\n\t\t\t\t<div class=\"elementor-widget-container\">\n\t\t\t\t\t<div class=\"elementor-button-wrapper\">\n\t\t\t<a class=\"elementor-button elementor-button-link elementor-size-sm\" href=\"https:\/\/etreetvitalite.com\/index.php\/contact\/\">\n\t\t\t\t\t\t<span class=\"elementor-button-content-wrapper\">\n\t\t\t\t\t\t<span class=\"elementor-button-text\">Contact<\/span>\n\t\t<\/span>\n\t\t\t\t\t<\/a>\n\t\t<\/div>\n\t\t\t\t<\/div>\n\t\t\t\t<\/div>\n\t\t\t\t\t<\/div>\n\t\t<\/div>\n\t\t\t\t<div class=\"elementor-column elementor-col-33 elementor-top-column elementor-element elementor-element-d49057a\" data-id=\"d49057a\" data-element_type=\"column\">\n\t\t\t<div class=\"elementor-widget-wrap\">\n\t\t\t\t\t\t\t\t\t<\/div>\n\t\t<\/div>\n\t\t\t\t<div class=\"elementor-column elementor-col-33 elementor-top-column elementor-element elementor-element-4c4521d\" data-id=\"4c4521d\" data-element_type=\"column\">\n\t\t\t<div class=\"elementor-widget-wrap\">\n\t\t\t\t\t\t\t\t\t<\/div>\n\t\t<\/div>\n\t\t\t\t\t\t\t<\/div>\n\t\t<\/section>\n\t\t\t\t\t\t\t<\/div>\n\t\t","protected":false},"excerpt":{"rendered":"<p>Il permet aux s\u00e9niors d\u2019aller explorer la personne qu\u2019ils sont vraiment, celle qui a \u00e9t\u00e9 oubli\u00e9e par les contraintes de la vie professionnelle, familiale. Afin &hellip;<\/p>\n","protected":false},"author":2,"featured_media":0,"parent":0,"menu_order":0,"comment_status":"closed","ping_status":"closed","template":"","meta":{"footnotes":""},"yoast_head":"<!-- This site is optimized with the Yoast SEO plugin v24.5 - https:\/\/yoast.com\/wordpress\/plugins\/seo\/ -->\n<title>Sens de Vie Seniors - &nbsp;&nbsp;&nbsp;&nbsp;ETRE &amp; VITALITE<\/title>\n<meta name=\"robots\" content=\"index, follow, max-snippet:-1, max-image-preview:large, max-video-preview:-1\" \/>\n<link rel=\"canonical\" href=\"https:\/\/etreetvitalite.com\/index.php\/sens-de-vie-seniors\/\" \/>\n<meta property=\"og:locale\" content=\"fr_FR\" \/>\n<meta property=\"og:type\" content=\"article\" \/>\n<meta property=\"og:title\" content=\"Sens de Vie Seniors - &nbsp;&nbsp;&nbsp;&nbsp;ETRE &amp; VITALITE\" \/>\n<meta property=\"og:description\" content=\"Il permet aux s\u00e9niors d\u2019aller explorer la personne qu\u2019ils sont vraiment, celle qui a \u00e9t\u00e9 oubli\u00e9e par les contraintes de la vie professionnelle, familiale. Afin &hellip;\" \/>\n<meta property=\"og:url\" content=\"https:\/\/etreetvitalite.com\/index.php\/sens-de-vie-seniors\/\" \/>\n<meta property=\"og:site_name\" content=\"&nbsp;&nbsp;&nbsp;&nbsp;ETRE &amp; VITALITE\" \/>\n<meta property=\"article:modified_time\" content=\"2022-10-28T14:53:58+00:00\" \/>\n<meta property=\"og:image\" content=\"http:\/\/etreetvitalite.com\/wp-content\/uploads\/2022\/10\/SDVS.jpg\" \/>\n<meta name=\"twitter:card\" content=\"summary_large_image\" \/>\n<meta name=\"twitter:label1\" content=\"Dur\u00e9e de lecture estim\u00e9e\" \/>\n\t<meta name=\"twitter:data1\" content=\"1 minute\" \/>\n<script type=\"application\/ld+json\" class=\"yoast-schema-graph\">{\"@context\":\"https:\/\/schema.org\",\"@graph\":[{\"@type\":\"WebPage\",\"@id\":\"https:\/\/etreetvitalite.com\/index.php\/sens-de-vie-seniors\/\",\"url\":\"https:\/\/etreetvitalite.com\/index.php\/sens-de-vie-seniors\/\",\"name\":\"Sens de Vie Seniors - &nbsp;&nbsp;&nbsp;&nbsp;ETRE &amp; VITALITE\",\"isPartOf\":{\"@id\":\"http:\/\/etreetvitalite.com\/#website\"},\"primaryImageOfPage\":{\"@id\":\"https:\/\/etreetvitalite.com\/index.php\/sens-de-vie-seniors\/#primaryimage\"},\"image\":{\"@id\":\"https:\/\/etreetvitalite.com\/index.php\/sens-de-vie-seniors\/#primaryimage\"},\"thumbnailUrl\":\"http:\/\/etreetvitalite.com\/wp-content\/uploads\/2022\/10\/SDVS.jpg\",\"datePublished\":\"2022-10-26T07:35:45+00:00\",\"dateModified\":\"2022-10-28T14:53:58+00:00\",\"breadcrumb\":{\"@id\":\"https:\/\/etreetvitalite.com\/index.php\/sens-de-vie-seniors\/#breadcrumb\"},\"inLanguage\":\"fr-FR\",\"potentialAction\":[{\"@type\":\"ReadAction\",\"target\":[\"https:\/\/etreetvitalite.com\/index.php\/sens-de-vie-seniors\/\"]}]},{\"@type\":\"ImageObject\",\"inLanguage\":\"fr-FR\",\"@id\":\"https:\/\/etreetvitalite.com\/index.php\/sens-de-vie-seniors\/#primaryimage\",\"url\":\"http:\/\/etreetvitalite.com\/wp-content\/uploads\/2022\/10\/SDVS.jpg\",\"contentUrl\":\"http:\/\/etreetvitalite.com\/wp-content\/uploads\/2022\/10\/SDVS.jpg\"},{\"@type\":\"BreadcrumbList\",\"@id\":\"https:\/\/etreetvitalite.com\/index.php\/sens-de-vie-seniors\/#breadcrumb\",\"itemListElement\":[{\"@type\":\"ListItem\",\"position\":1,\"name\":\"Accueil\",\"item\":\"http:\/\/etreetvitalite.com\/\"},{\"@type\":\"ListItem\",\"position\":2,\"name\":\"Sens de Vie Seniors\"}]},{\"@type\":\"WebSite\",\"@id\":\"http:\/\/etreetvitalite.com\/#website\",\"url\":\"http:\/\/etreetvitalite.com\/\",\"name\":\"&nbsp;&nbsp;&nbsp;&nbsp;ETRE &amp; VITALITE\",\"description\":\"PARTICULIERS - ENTREPRISES\",\"publisher\":{\"@id\":\"http:\/\/etreetvitalite.com\/#organization\"},\"potentialAction\":[{\"@type\":\"SearchAction\",\"target\":{\"@type\":\"EntryPoint\",\"urlTemplate\":\"http:\/\/etreetvitalite.com\/?s={search_term_string}\"},\"query-input\":{\"@type\":\"PropertyValueSpecification\",\"valueRequired\":true,\"valueName\":\"search_term_string\"}}],\"inLanguage\":\"fr-FR\"},{\"@type\":\"Organization\",\"@id\":\"http:\/\/etreetvitalite.com\/#organization\",\"name\":\"&nbsp;&nbsp;&nbsp;&nbsp;ETRE &amp; VITALITE\",\"url\":\"http:\/\/etreetvitalite.com\/\",\"logo\":{\"@type\":\"ImageObject\",\"inLanguage\":\"fr-FR\",\"@id\":\"http:\/\/etreetvitalite.com\/#\/schema\/logo\/image\/\",\"url\":\"https:\/\/etreetvitalite.com\/wp-content\/uploads\/2022\/07\/cropped-logo.png\",\"contentUrl\":\"https:\/\/etreetvitalite.com\/wp-content\/uploads\/2022\/07\/cropped-logo.png\",\"width\":381,\"height\":348,\"caption\":\"&nbsp;&nbsp;&nbsp;&nbsp;ETRE &amp; VITALITE\"},\"image\":{\"@id\":\"http:\/\/etreetvitalite.com\/#\/schema\/logo\/image\/\"}}]}<\/script>\n<!-- \/ Yoast SEO plugin. -->","yoast_head_json":{"title":"Sens de Vie Seniors - &nbsp;&nbsp;&nbsp;&nbsp;ETRE &amp; VITALITE","robots":{"index":"index","follow":"follow","max-snippet":"max-snippet:-1","max-image-preview":"max-image-preview:large","max-video-preview":"max-video-preview:-1"},"canonical":"https:\/\/etreetvitalite.com\/index.php\/sens-de-vie-seniors\/","og_locale":"fr_FR","og_type":"article","og_title":"Sens de Vie Seniors - &nbsp;&nbsp;&nbsp;&nbsp;ETRE &amp; VITALITE","og_description":"Il permet aux s\u00e9niors d\u2019aller explorer la personne qu\u2019ils sont vraiment, celle qui a \u00e9t\u00e9 oubli\u00e9e par les contraintes de la vie professionnelle, familiale. Afin &hellip;","og_url":"https:\/\/etreetvitalite.com\/index.php\/sens-de-vie-seniors\/","og_site_name":"&nbsp;&nbsp;&nbsp;&nbsp;ETRE &amp; VITALITE","article_modified_time":"2022-10-28T14:53:58+00:00","og_image":[{"url":"http:\/\/etreetvitalite.com\/wp-content\/uploads\/2022\/10\/SDVS.jpg","type":"","width":"","height":""}],"twitter_card":"summary_large_image","twitter_misc":{"Dur\u00e9e de lecture estim\u00e9e":"1 minute"},"schema":{"@context":"https:\/\/schema.org","@graph":[{"@type":"WebPage","@id":"https:\/\/etreetvitalite.com\/index.php\/sens-de-vie-seniors\/","url":"https:\/\/etreetvitalite.com\/index.php\/sens-de-vie-seniors\/","name":"Sens de Vie Seniors - &nbsp;&nbsp;&nbsp;&nbsp;ETRE &amp; VITALITE","isPartOf":{"@id":"http:\/\/etreetvitalite.com\/#website"},"primaryImageOfPage":{"@id":"https:\/\/etreetvitalite.com\/index.php\/sens-de-vie-seniors\/#primaryimage"},"image":{"@id":"https:\/\/etreetvitalite.com\/index.php\/sens-de-vie-seniors\/#primaryimage"},"thumbnailUrl":"http:\/\/etreetvitalite.com\/wp-content\/uploads\/2022\/10\/SDVS.jpg","datePublished":"2022-10-26T07:35:45+00:00","dateModified":"2022-10-28T14:53:58+00:00","breadcrumb":{"@id":"https:\/\/etreetvitalite.com\/index.php\/sens-de-vie-seniors\/#breadcrumb"},"inLanguage":"fr-FR","potentialAction":[{"@type":"ReadAction","target":["https:\/\/etreetvitalite.com\/index.php\/sens-de-vie-seniors\/"]}]},{"@type":"ImageObject","inLanguage":"fr-FR","@id":"https:\/\/etreetvitalite.com\/index.php\/sens-de-vie-seniors\/#primaryimage","url":"http:\/\/etreetvitalite.com\/wp-content\/uploads\/2022\/10\/SDVS.jpg","contentUrl":"http:\/\/etreetvitalite.com\/wp-content\/uploads\/2022\/10\/SDVS.jpg"},{"@type":"BreadcrumbList","@id":"https:\/\/etreetvitalite.com\/index.php\/sens-de-vie-seniors\/#breadcrumb","itemListElement":[{"@type":"ListItem","position":1,"name":"Accueil","item":"http:\/\/etreetvitalite.com\/"},{"@type":"ListItem","position":2,"name":"Sens de Vie Seniors"}]},{"@type":"WebSite","@id":"http:\/\/etreetvitalite.com\/#website","url":"http:\/\/etreetvitalite.com\/","name":"&nbsp;&nbsp;&nbsp;&nbsp;ETRE &amp; VITALITE","description":"PARTICULIERS - ENTREPRISES","publisher":{"@id":"http:\/\/etreetvitalite.com\/#organization"},"potentialAction":[{"@type":"SearchAction","target":{"@type":"EntryPoint","urlTemplate":"http:\/\/etreetvitalite.com\/?s={search_term_string}"},"query-input":{"@type":"PropertyValueSpecification","valueRequired":true,"valueName":"search_term_string"}}],"inLanguage":"fr-FR"},{"@type":"Organization","@id":"http:\/\/etreetvitalite.com\/#organization","name":"&nbsp;&nbsp;&nbsp;&nbsp;ETRE &amp; VITALITE","url":"http:\/\/etreetvitalite.com\/","logo":{"@type":"ImageObject","inLanguage":"fr-FR","@id":"http:\/\/etreetvitalite.com\/#\/schema\/logo\/image\/","url":"https:\/\/etreetvitalite.com\/wp-content\/uploads\/2022\/07\/cropped-logo.png","contentUrl":"https:\/\/etreetvitalite.com\/wp-content\/uploads\/2022\/07\/cropped-logo.png","width":381,"height":348,"caption":"&nbsp;&nbsp;&nbsp;&nbsp;ETRE &amp; VITALITE"},"image":{"@id":"http:\/\/etreetvitalite.com\/#\/schema\/logo\/image\/"}}]}},"_links":{"self":[{"href":"https:\/\/etreetvitalite.com\/index.php\/wp-json\/wp\/v2\/pages\/936"}],"collection":[{"href":"https:\/\/etreetvitalite.com\/index.php\/wp-json\/wp\/v2\/pages"}],"about":[{"href":"https:\/\/etreetvitalite.com\/index.php\/wp-json\/wp\/v2\/types\/page"}],"author":[{"embeddable":true,"href":"https:\/\/etreetvitalite.com\/index.php\/wp-json\/wp\/v2\/users\/2"}],"replies":[{"embeddable":true,"href":"https:\/\/etreetvitalite.com\/index.php\/wp-json\/wp\/v2\/comments?post=936"}],"version-history":[{"count":31,"href":"https:\/\/etreetvitalite.com\/index.php\/wp-json\/wp\/v2\/pages\/936\/revisions"}],"predecessor-version":[{"id":1426,"href":"https:\/\/etreetvitalite.com\/index.php\/wp-json\/wp\/v2\/pages\/936\/revisions\/1426"}],"wp:attachment":[{"href":"https:\/\/etreetvitalite.com\/index.php\/wp-json\/wp\/v2\/media?parent=936"}],"curies":[{"name":"wp","href":"https:\/\/api.w.org\/{rel}","templated":true}]}}